{"id":10715,"date":"2016-11-21T11:16:24","date_gmt":"2016-11-21T11:16:24","guid":{"rendered":"http:\/\/www.nova-llum.com\/?page_id=10715"},"modified":"2016-12-10T18:55:24","modified_gmt":"2016-12-10T18:55:24","slug":"instaladores-electricos","status":"publish","type":"page","link":"https:\/\/www.nova-llum.com\/en\/servicios\/instaladores-electricos\/","title":{"rendered":"Instaladores el\u00e9ctricos"},"content":{"rendered":"<p>[fusion_builder_container hundred_percent=\u00bbno\u00bb equal_height_columns=\u00bbno\u00bb hide_on_mobile=\u00bbsmall-visibility,medium-visibility,large-visibility\u00bb background_position=\u00bbcenter center\u00bb background_repeat=\u00bbno-repeat\u00bb fade=\u00bbno\u00bb background_parallax=\u00bbnone\u00bb enable_mobile=\u00bbno\u00bb parallax_speed=\u00bb0.3&#8243; video_aspect_ratio=\u00bb16:9&#8243; video_loop=\u00bbyes\u00bb video_mute=\u00bbyes\u00bb overlay_opacity=\u00bb0.5&#8243; border_style=\u00bbsolid\u00bb padding_top=\u00bb5px\u00bb padding_bottom=\u00bb20px\u00bb][fusion_builder_row][fusion_builder_column type=\u00bb1_1&#8243; layout=\u00bb1_1&#8243; spacing=\u00bb\u00bb center_content=\u00bbno\u00bb hover_type=\u00bbnone\u00bb link=\u00bb\u00bb min_height=\u00bb\u00bb hide_on_mobile=\u00bbsmall-visibility,medium-visibility,large-visibility\u00bb class=\u00bb\u00bb id=\u00bb\u00bb background_color=\u00bb\u00bb background_image=\u00bb\u00bb background_position=\u00bbleft top\u00bb background_repeat=\u00bbno-repeat\u00bb border_size=\u00bb0&#8243; border_color=\u00bb\u00bb border_style=\u00bbsolid\u00bb border_position=\u00bball\u00bb padding=\u00bb\u00bb dimension_margin=\u00bb\u00bb animation_type=\u00bb\u00bb animation_direction=\u00bbleft\u00bb animation_speed=\u00bb0.3&#8243; animation_offset=\u00bb\u00bb last=\u00bbno\u00bb][fusion_text]<\/p>\n<h1 style=\"text-align: center;\">INSTALADORES EL\u00c9CTRICOS<\/h1>\n<p>[\/fusion_text][fusion_separator style_type=\u00bbnone\u00bb hide_on_mobile=\u00bbsmall-visibility,medium-visibility,large-visibility\u00bb bottom_margin=\u00bb40px\u00bb alignment=\u00bbcenter\u00bb \/][fusion_builder_row_inner][fusion_builder_column_inner type=\u00bb1_2&#8243; layout=\u00bb1_2&#8243; spacing=\u00bb\u00bb center_content=\u00bbno\u00bb hover_type=\u00bbnone\u00bb link=\u00bb\u00bb min_height=\u00bb\u00bb hide_on_mobile=\u00bbsmall-visibility,medium-visibility,large-visibility\u00bb class=\u00bb\u00bb id=\u00bb\u00bb background_color=\u00bb\u00bb background_image=\u00bb\u00bb background_position=\u00bbleft top\u00bb background_repeat=\u00bbno-repeat\u00bb border_size=\u00bb0&#8243; border_color=\u00bb\u00bb border_style=\u00bbsolid\u00bb padding=\u00bb\u00bb dimension_margin=\u00bb\u00bb animation_type=\u00bb\u00bb animation_direction=\u00bbleft\u00bb animation_speed=\u00bb0.3&#8243; animation_offset=\u00bb\u00bb last=\u00bbno\u00bb border_position=\u00bball\u00bb][fusion_text]<\/p>\n<h2 style=\"text-align: justify;\">NOVALLUM\u00a0realiza instalaciones el\u00e9ctricas desde hace mas de veinte a\u00f1os.<\/h2>\n<p style=\"text-align: justify;\">Nuestros <strong>t\u00e9cnicos instaladores<\/strong> est\u00e1n en continua formaci\u00f3n y reciclaje ante los continuos avances tecnol\u00f3gicos dot\u00e1ndolos de dinamismo y eficacia.<\/p>\n<p style=\"text-align: justify;\">Nos caracteriza la cercan\u00eda, sencillez y eficiencia con la que realizamos nuestro trabajo, consiguiendo as\u00ed la confianza de nuestros clientes para futuros trabajos.<\/p>\n<h3 style=\"text-align: justify;\">En NOVALLUM\u00a0nos comprometemos a realizar un trabajo eficiente respetando las ideas, medios disponibles y el medio ambiente.<\/h3>\n<p style=\"text-align: justify;\">Realizamos proyectos para empresas, particulares, comercios, oficinas, edificios y residencias.<\/p>\n<p>[\/fusion_text][\/fusion_builder_column_inner][fusion_builder_column_inner type=\u00bb1_2&#8243; layout=\u00bb1_2&#8243; spacing=\u00bb\u00bb center_content=\u00bbno\u00bb hover_type=\u00bbnone\u00bb link=\u00bb\u00bb min_height=\u00bb\u00bb hide_on_mobile=\u00bbsmall-visibility,medium-visibility,large-visibility\u00bb class=\u00bb\u00bb id=\u00bb\u00bb background_color=\u00bb\u00bb background_image=\u00bb\u00bb background_position=\u00bbleft top\u00bb background_repeat=\u00bbno-repeat\u00bb border_size=\u00bb0&#8243; border_color=\u00bb\u00bb border_style=\u00bbsolid\u00bb padding=\u00bb\u00bb dimension_margin=\u00bb\u00bb animation_type=\u00bb\u00bb animation_direction=\u00bbleft\u00bb animation_speed=\u00bb0.3&#8243; animation_offset=\u00bb\u00bb last=\u00bbno\u00bb border_position=\u00bball\u00bb][fusion_imageframe image_id=\u00bb10718&#8243; style_type=\u00bbnone\u00bb hover_type=\u00bbzoomin\u00bb align=\u00bbcenter\u00bb lightbox=\u00bbno\u00bb alt=\u00bbinstalador-electrico-alaquas\u00bb linktarget=\u00bb_self\u00bb hide_on_mobile=\u00bbsmall-visibility,medium-visibility,large-visibility\u00bb animation_direction=\u00bbleft\u00bb animation_speed=\u00bb0.3&#8243;]http:\/\/www.nova-llum.com\/wp-content\/uploads\/2016\/11\/INSTALACIONES-ELECTRICAS-3.jpg[\/fusion_imageframe][fusion_separator style_type=\u00bbnone\u00bb hide_on_mobile=\u00bbsmall-visibility,medium-visibility,large-visibility\u00bb top_margin=\u00bb5px\u00bb bottom_margin=\u00bb5px\u00bb alignment=\u00bbcenter\u00bb \/][fusion_imageframe image_id=\u00bb10981&#8243; style_type=\u00bbnone\u00bb hover_type=\u00bbzoomin\u00bb align=\u00bbcenter\u00bb lightbox=\u00bbno\u00bb alt=\u00bbinstalador-electrico-valencia\u00bb linktarget=\u00bb_self\u00bb hide_on_mobile=\u00bbsmall-visibility,medium-visibility,large-visibility\u00bb animation_direction=\u00bbleft\u00bb animation_speed=\u00bb0.3&#8243;]http:\/\/www.nova-llum.com\/wp-content\/uploads\/2012\/07\/electricidad.jpg[\/fusion_imageframe][\/fusion_builder_column_inner][\/fusion_builder_row_inner][fusion_text]<\/p>\n<h2>Presupuesto instalaci\u00f3n el\u00e9ctrica\u00a0sin compromiso<\/h2>\n<p>[\/fusion_text][fusion_separator style_type=\u00bbnone\u00bb hide_on_mobile=\u00bbsmall-visibility,medium-visibility,large-visibility\u00bb alignment=\u00bbcenter\u00bb \/][fusion_builder_row_inner][fusion_builder_column_inner type=\u00bb1_2&#8243; layout=\u00bb1_2&#8243; spacing=\u00bb\u00bb center_content=\u00bbno\u00bb hover_type=\u00bbnone\u00bb link=\u00bb\u00bb min_height=\u00bb\u00bb hide_on_mobile=\u00bbsmall-visibility,medium-visibility,large-visibility\u00bb class=\u00bb\u00bb id=\u00bb\u00bb background_color=\u00bb\u00bb background_image=\u00bb\u00bb background_position=\u00bbleft top\u00bb background_repeat=\u00bbno-repeat\u00bb border_size=\u00bb0&#8243; border_color=\u00bb\u00bb border_style=\u00bbsolid\u00bb padding=\u00bb\u00bb dimension_margin=\u00bb\u00bb animation_type=\u00bb\u00bb animation_direction=\u00bbleft\u00bb animation_speed=\u00bb0.3&#8243; animation_offset=\u00bb\u00bb last=\u00bbno\u00bb border_position=\u00bball\u00bb][fusion_text]<\/p>\n<p style=\"text-align: justify;\">Un asesor t\u00e9cnico se personar\u00e1 para valorar el proyecto y as\u00ed elaborar un presupuesto que cubra sus necesidades, eficiente en su desarrollo y contando con todos los medios disponibles.<\/p>\n<div>\n<h2 style=\"text-align: justify;\">Tenemos muy en cuenta la eficiencia energ\u00e9tica. Somos asesores energ\u00e9ticos<\/h2>\n<p style=\"text-align: justify;\">Proporcionamos soluciones para conseguir un mayor ahorro energ\u00e9tico respetando las necesidades actuales y futuras,\u00a0convirti\u00e9ndose en ahorro econ\u00f3mico a corto y largo plazo.<\/p>\n<\/div>\n<p>[\/fusion_text][\/fusion_builder_column_inner][fusion_builder_column_inner type=\u00bb1_2&#8243; layout=\u00bb1_2&#8243; spacing=\u00bb\u00bb center_content=\u00bbno\u00bb hover_type=\u00bbnone\u00bb link=\u00bb\u00bb min_height=\u00bb\u00bb hide_on_mobile=\u00bbsmall-visibility,medium-visibility,large-visibility\u00bb class=\u00bb\u00bb id=\u00bb\u00bb background_color=\u00bb\u00bb background_image=\u00bb\u00bb background_position=\u00bbleft top\u00bb background_repeat=\u00bbno-repeat\u00bb border_size=\u00bb0&#8243; border_color=\u00bb\u00bb border_style=\u00bbsolid\u00bb padding=\u00bb\u00bb dimension_margin=\u00bb\u00bb animation_type=\u00bb\u00bb animation_direction=\u00bbleft\u00bb animation_speed=\u00bb0.3&#8243; animation_offset=\u00bb\u00bb last=\u00bbno\u00bb border_position=\u00bball\u00bb][fusion_imageframe image_id=\u00bb10720&#8243; style_type=\u00bbnone\u00bb hover_type=\u00bbzoomin\u00bb align=\u00bbcenter\u00bb lightbox=\u00bbno\u00bb linktarget=\u00bb_self\u00bb hide_on_mobile=\u00bbsmall-visibility,medium-visibility,large-visibility\u00bb animation_direction=\u00bbleft\u00bb animation_speed=\u00bb0.3&#8243;]http:\/\/www.nova-llum.com\/wp-content\/uploads\/2016\/11\/INSTALACIONES-ELECTRICAS-300&#215;120-300&#215;120.jpg[\/fusion_imageframe][fusion_separator style_type=\u00bbnone\u00bb hide_on_mobile=\u00bbsmall-visibility,medium-visibility,large-visibility\u00bb top_margin=\u00bb5px\u00bb bottom_margin=\u00bb5px\u00bb alignment=\u00bbcenter\u00bb \/][fusion_imageframe image_id=\u00bb10717&#8243; style_type=\u00bbnone\u00bb hover_type=\u00bbzoomin\u00bb align=\u00bbcenter\u00bb lightbox=\u00bbno\u00bb linktarget=\u00bb_self\u00bb hide_on_mobile=\u00bbsmall-visibility,medium-visibility,large-visibility\u00bb animation_direction=\u00bbleft\u00bb animation_speed=\u00bb0.3&#8243;]http:\/\/www.nova-llum.com\/wp-content\/uploads\/2016\/11\/INSTALACIONES-ELECTRICAS-2-300&#215;66-300&#215;66.jpg[\/fusion_imageframe][\/fusion_builder_column_inner][\/fusion_builder_row_inner][fusion_separator style_type=\u00bbnone\u00bb hide_on_mobile=\u00bbsmall-visibility,medium-visibility,large-visibility\u00bb alignment=\u00bbcenter\u00bb \/][fusion_text]<\/p>\n<h2>Servicios El\u00e9ctricos que ofrecemos<\/h2>\n<p>[\/fusion_text][fusion_checklist circlecolor=\u00bb#00486b\u00bb size=\u00bb13px\u00bb hide_on_mobile=\u00bbsmall-visibility,medium-visibility,large-visibility\u00bb][fusion_li_item icon=\u00bbfa-caret-right\u00bb]<\/p>\n<p>Instalaciones el\u00e9ctricas en sector dom\u00e9stico, terciario e industrial.<\/p>\n<p>[\/fusion_li_item][fusion_li_item icon=\u00bbfa-caret-right\u00bb]<\/p>\n<p>Mantenimiento l.p.c.<\/p>\n<p>[\/fusion_li_item][fusion_li_item icon=\u00bbfa-caret-right\u00bb]<\/p>\n<p>Dom\u00f3tica.<\/p>\n<p>[\/fusion_li_item][fusion_li_item icon=\u00bbfa-caret-right\u00bb]<\/p>\n<p>Boletines el\u00e9ctricos a particulares, empresas y eventos.<\/p>\n<p>[\/fusion_li_item][fusion_li_item icon=\u00bbfa-caret-right\u00bb]<\/p>\n<p>Centralizaci\u00f3n de contadores en edificios y residenciales.<\/p>\n<p>[\/fusion_li_item][fusion_li_item icon=\u00bbfa-caret-right\u00bb]<\/p>\n<p>Acometidas.<\/p>\n<p>[\/fusion_li_item][fusion_li_item icon=\u00bbfa-caret-right\u00bb]<\/p>\n<p>Instalaci\u00f3n de telefonillos y videoporteros.<\/p>\n<p>[\/fusion_li_item][fusion_li_item icon=\u00bbfa-caret-right\u00bb]<\/p>\n<p>Instalaci\u00f3n de antenas individuales y colectivas.<\/p>\n<p>[\/fusion_li_item][fusion_li_item icon=\u00bbfa-caret-right\u00bb]<\/p>\n<p>Inspecciones l.p.c.<\/p>\n<p>[\/fusion_li_item][fusion_li_item icon=\u00bbfa-caret-right\u00bb]<\/p>\n<p>Telecomunicaciones.<\/p>\n<p>[\/fusion_li_item][\/fusion_checklist][\/fusion_builder_column][\/fusion_builder_row][\/fusion_builder_container]<\/p>","protected":false},"excerpt":{"rendered":"<p>[fusion_builder_container hundred_percent=\u00bbno\u00bb equal_height_columns=\u00bbno\u00bb hide_on_mobile=\u00bbsmall-visibility,medium-visibility,large-visibility\u00bb background_position=\u00bbcenter center\u00bb background_repeat=\u00bbno-repeat\u00bb fade=\u00bbno\u00bb background_parallax=\u00bbnone\u00bb enable_mobile=\u00bbno\u00bb parallax_speed=\u00bb0.3&#8243; video_aspect_ratio=\u00bb16:9&#8243; video_loop=\u00bbyes\u00bb video_mute=\u00bbyes\u00bb overlay_opacity=\u00bb0.5&#8243; border_style=\u00bbsolid\u00bb padding_top=\u00bb5px\u00bb padding_bottom=\u00bb20px\u00bb][fusion_builder_row][fusion_builder_column type=\u00bb1_1&#8243; layout=\u00bb1_1&#8243; spacing=\u00bb\u00bb center_content=\u00bbno\u00bb hover_type=\u00bbnone\u00bb link=\u00bb\u00bb min_height=\u00bb\u00bb hide_on_mobile=\u00bbsmall-visibility,medium-visibility,large-visibility\u00bb class=\u00bb\u00bb id=\u00bb\u00bb background_color=\u00bb\u00bb background_image=\u00bb\u00bb background_position=\u00bbleft top\u00bb background_repeat=\u00bbno-repeat\u00bb border_size=\u00bb0&#8243; border_color=\u00bb\u00bb border_style=\u00bbsolid\u00bb border_position=\u00bball\u00bb padding=\u00bb\u00bb dimension_margin=\u00bb\u00bb animation_type=\u00bb\u00bb animation_direction=\u00bbleft\u00bb animation_speed=\u00bb0.3&#8243; animation_offset=\u00bb\u00bb last=\u00bbno\u00bb][fusion_text] INSTALADORES EL\u00c9CTRICOS [\/fusion_text][fusion_separator style_type=\u00bbnone\u00bb hide_on_mobile=\u00bbsmall-visibility,medium-visibility,large-visibility\u00bb bottom_margin=\u00bb40px\u00bb alignment=\u00bbcenter\u00bb \/][fusion_builder_row_inner][fusion_builder_column_inner type=\u00bb1_2&#8243; layout=\u00bb1_2&#8243; spacing=\u00bb\u00bb [&hellip;]<\/p>","protected":false},"author":1,"featured_media":0,"parent":10727,"menu_order":0,"comment_status":"closed","ping_status":"closed","template":"","meta":{"_joinchat":[]},"_links":{"self":[{"href":"https:\/\/www.nova-llum.com\/en\/wp-json\/wp\/v2\/pages\/10715"}],"collection":[{"href":"https:\/\/www.nova-llum.com\/en\/wp-json\/wp\/v2\/pages"}],"about":[{"href":"https:\/\/www.nova-llum.com\/en\/wp-json\/wp\/v2\/types\/page"}],"author":[{"embeddable":true,"href":"https:\/\/www.nova-llum.com\/en\/wp-json\/wp\/v2\/users\/1"}],"replies":[{"embeddable":true,"href":"https:\/\/www.nova-llum.com\/en\/wp-json\/wp\/v2\/comments?post=10715"}],"version-history":[{"count":15,"href":"https:\/\/www.nova-llum.com\/en\/wp-json\/wp\/v2\/pages\/10715\/revisions"}],"predecessor-version":[{"id":10737,"href":"https:\/\/www.nova-llum.com\/en\/wp-json\/wp\/v2\/pages\/10715\/revisions\/10737"}],"up":[{"embeddable":true,"href":"https:\/\/www.nova-llum.com\/en\/wp-json\/wp\/v2\/pages\/10727"}],"wp:attachment":[{"href":"https:\/\/www.nova-llum.com\/en\/wp-json\/wp\/v2\/media?parent=10715"}],"curies":[{"name":"wp","href":"https:\/\/api.w.org\/{rel}","templated":true}]}}